{"id":23,"date":"2024-01-11T11:59:51","date_gmt":"2024-01-11T11:59:51","guid":{"rendered":"https:\/\/geworteldezorg.nl\/?page_id=23"},"modified":"2024-01-11T14:49:37","modified_gmt":"2024-01-11T14:49:37","slug":"page2-2","status":"publish","type":"page","link":"https:\/\/geworteldezorg.nl\/","title":{"rendered":"Samen Sterk in Ambulante Maatschappelijke Zorg"},"content":{"rendered":"\n<p>Bij Gewortelde Zorg staat het bieden van persoonlijke en oprechte zorg centraal. <\/p>\n\n\n\n<p>Bij Gewortelde Zorg, opgericht door mij, Ankie Snoeren, als zelfstandig ZZP&#8217;er in de zorgsector, ligt de focus op het leveren van persoonlijke en oprechte zorg. Mijn aanpak in de ambulante maatschappelijke zorg is gericht op het ondersteunen van mensen met een verstandelijke beperking en zij die geconfronteerd worden met uitdagingen zoals psychische problemen, schulden, en sociale problemen.<\/p>\n\n\n\n<p>Met een gedegen achtergrond in Maatschappelijk Werk en Dienstverlening (HBO MWD), heb ik me toegelegd op het positief be\u00efnvloeden van het leven van mijn cli\u00ebnten. Gewortelde Zorg staat voor een aanpak waarbij de cli\u00ebnt altijd centraal staat. Als aanpakker, empathisch en sociaal ingesteld, hanteer ik de presentiebenadering in mijn werk. Dit houdt in dat ik er altijd voor u ben, vooral in tijden waarin het lijkt alsof er geen oplossingen zijn. Mijn aanwezigheid zorgt ervoor dat u zich gezien, gehoord en erkend voelt, wat ik beschouw als een essentieel onderdeel van effectieve zorg.<\/p>\n\n\n\n<p>Gewortelde Zorg staat voor:<\/p>\n\n\n\n<ul>\n<li><strong>Empathische en Persoonlijke Aandacht:<\/strong> Uw behoeften staan centraal in alles wat ik doe.<\/li>\n\n\n\n<li><strong>Deskundige Ondersteuning:<\/strong> Met mijn professionele achtergrond en ervaring bied ik kwalitatieve zorg afgestemd op uw unieke situatie.<\/li>\n\n\n\n<li><strong>Presentiebenadering:<\/strong> Mijn aanwezigheid gaat verder dan alleen fysieke hulp; ik bied emotionele en psychosociale steun om uw welzijn te bevorderen.<\/li>\n<\/ul>\n\n\n\n<blockquote class=\"wp-block-quote\">\n<p>Of u nu worstelt met alledaagse uitdagingen of ondersteuning nodig heeft bij meer complexe problemen, ik ben hier om u te helpen en te begeleiden op uw pad naar een beter welzijn.<\/p>\n<\/blockquote>\n\n\n\n<p><\/p>\n\n\n\n<p><strong>Neem Contact Op<\/strong> <\/p>\n\n\n\n<p>Voor meer informatie over de diensten van Gewortelde Zorg of om een afspraak te maken, kunt u contact opnemen via <a href=\"mailto:ankiesnoeren78@gmail.com\">ankiesnoeren78@<\/a><a href=\"mailto:ankiesnoeren78@gmail.com\" target=\"_blank\" rel=\"noreferrer noopener\">gmail<\/a><a href=\"mailto:ankiesnoeren78@gmail.com\">.com<\/a>. Laten we samenwerken aan een toekomst waar u zich ondersteund, begrepen en gewaardeerd voelt.<\/p>\n\n\n\n<p><\/p>\n\n\n<div class=\"wp-block-image is-style-rounded\">\n<figure class=\"alignleft size-medium\"><img loading=\"lazy\" decoding=\"async\" width=\"176\" height=\"300\" src=\"https:\/\/geworteldezorg.nl\/wp-content\/uploads\/2024\/01\/Ankie-e1704972958684-176x300.png\" alt=\"\" class=\"wp-image-6\" srcset=\"https:\/\/geworteldezorg.nl\/wp-content\/uploads\/2024\/01\/Ankie-e1704972958684-176x300.png 176w, https:\/\/geworteldezorg.nl\/wp-content\/uploads\/2024\/01\/Ankie-e1704972958684-600x1024.png 600w, https:\/\/geworteldezorg.nl\/wp-content\/uploads\/2024\/01\/Ankie-e1704972958684-768x1310.png 768w, https:\/\/geworteldezorg.nl\/wp-content\/uploads\/2024\/01\/Ankie-e1704972958684-901x1536.png 901w, https:\/\/geworteldezorg.nl\/wp-content\/uploads\/2024\/01\/Ankie-e1704972958684-1201x2048.png 1201w, https:\/\/geworteldezorg.nl\/wp-content\/uploads\/2024\/01\/Ankie-e1704972958684.png 1476w\" sizes=\"(max-width: 176px) 100vw, 176px\" \/><\/figure><\/div>\n\n\n<p><\/p>\n\n\n\n<p>Hartelijke groeten, Ankie Snoeren.<\/p>\n","protected":false},"excerpt":{"rendered":"<p>Bij Gewortelde Zorg staat het bieden van persoonlijke en oprechte zorg centraal. Bij Gewortelde Zorg, opgericht door mij, Ankie Snoeren, als zelfstandig ZZP&#8217;er in de zorgsector, ligt de focus op het leveren van persoonlijke en oprechte zorg. Mijn aanpak in de ambulante maatschappelijke zorg is gericht op het ondersteunen van mensen met een verstandelijke beperking &hellip; <\/p>\n","protected":false},"author":1,"featured_media":0,"parent":0,"menu_order":0,"comment_status":"closed","ping_status":"closed","template":"","meta":{"footnotes":""},"_links":{"self":[{"href":"https:\/\/geworteldezorg.nl\/index.php\/wp-json\/wp\/v2\/pages\/23"}],"collection":[{"href":"https:\/\/geworteldezorg.nl\/index.php\/wp-json\/wp\/v2\/pages"}],"about":[{"href":"https:\/\/geworteldezorg.nl\/index.php\/wp-json\/wp\/v2\/types\/page"}],"author":[{"embeddable":true,"href":"https:\/\/geworteldezorg.nl\/index.php\/wp-json\/wp\/v2\/users\/1"}],"replies":[{"embeddable":true,"href":"https:\/\/geworteldezorg.nl\/index.php\/wp-json\/wp\/v2\/comments?post=23"}],"version-history":[{"count":11,"href":"https:\/\/geworteldezorg.nl\/index.php\/wp-json\/wp\/v2\/pages\/23\/revisions"}],"predecessor-version":[{"id":80,"href":"https:\/\/geworteldezorg.nl\/index.php\/wp-json\/wp\/v2\/pages\/23\/revisions\/80"}],"wp:attachment":[{"href":"https:\/\/geworteldezorg.nl\/index.php\/wp-json\/wp\/v2\/media?parent=23"}],"curies":[{"name":"wp","href":"https:\/\/api.w.org\/{rel}","templated":true}]}}